{"id":46,"date":"2015-03-07T21:15:50","date_gmt":"2015-03-07T21:15:50","guid":{"rendered":"http:\/\/piraportoeseletronicos.com.br\/?page_id=46"},"modified":"2015-11-13T10:20:26","modified_gmt":"2015-11-13T10:20:26","slug":"fechaduras-e-travas-eletricas","status":"publish","type":"page","link":"https:\/\/www.piraportoes.com.br\/?page_id=46","title":{"rendered":"Fechaduras e travas el\u00e9tricas"},"content":{"rendered":"<h6 class=\"descricao_compre_junto\">Chega de cadeado!<\/h6>\n<p class=\"descricao_compre_junto\">Instalamos as mais seguras e eficientes fechaduras el\u00e9tricas no seu port\u00e3o social ou porta e as mais fortes e pr\u00e1ticas travas el\u00e9tricas em seu port\u00e3o eletr\u00f4nico. Com essas fechaduras e travas voc\u00ea aumenta seguran\u00e7a da sua casa ou empresa com total conforto e comodidade sendo acionadas com apenas um toque de bot\u00e3o e ainda no caso da trava configuramos para que seja aberta ou fechada automaticamente no mesmo bot\u00e3o que abre fecha seu port\u00e3o eletr\u00f4nico.<\/p>\n<p class=\"titulos_prods_compre_junto\">\n<p class=\"titulos_prods_compre_junto\">Tudo para a seguran\u00e7a da sua fam\u00edlia.<\/p>\n<div class=\"titulos_prods_compre_junto\"><\/div>\n<div class=\"titulos_prods_compre_junto\"><\/div>\n<div class=\"titulos_prods_compre_junto\"><a href=\"http:\/\/piraportoeseletronicos.com.br\/wp-content\/uploads\/2015\/03\/fechadurahdl.jpg\"><img loading=\"lazy\" decoding=\"async\" class=\"alignleft wp-image-104 \" src=\"http:\/\/piraportoes.com.br\/wp-content\/uploads\/2015\/03\/fechadurahdl.jpg\" alt=\"fechadurahdl\" width=\"149\" height=\"149\" srcset=\"https:\/\/www.piraportoes.com.br\/wp-content\/uploads\/2015\/03\/fechadurahdl.jpg 170w, https:\/\/www.piraportoes.com.br\/wp-content\/uploads\/2015\/03\/fechadurahdl-150x150.jpg 150w\" sizes=\"auto, (max-width: 149px) 100vw, 149px\" \/><\/a><\/div>\n<div class=\"titulos_prods_compre_junto\"><\/div>\n<p class=\"titulos_prods_compre_junto\" style=\"text-align: right;\">Fechadura El\u00e9trica 12V C-90 Dupla HDL <span class=\"text_mais_compre_junto\">+<\/span> <a href=\"http:\/\/www.lojaeletrica.com.br\/fonte-alimentacao-fechaduraporteiro-tra-400-hdl,product,2391407780311,dept,1007.aspx\"> Fonte Alimenta\u00e7\u00e3o Fechadura\/Porteiro TRA-400 HDL<\/a><\/p>\n<div class=\"titulos_prods_compre_junto\"><\/div>\n<div class=\"titulos_prods_compre_junto\"><\/div>\n<div class=\"titulos_prods_compre_junto\"><\/div>\n<div class=\"titulos_prods_compre_junto\"><\/div>\n<div class=\"titulos_prods_compre_junto\"><\/div>\n<div class=\"titulos_prods_compre_junto\"><\/div>\n<div class=\"titulos_prods_compre_junto\">\n<hr \/>\n<\/div>\n<blockquote>\n<p class=\"titulos_prods_compre_junto\" style=\"text-align: left;\">A Fechadura El\u00e9trica de Sobrepor FFX 1000 Intelbras suporta uma for\u00e7a de at\u00e9 500 kg, sendo desti<a href=\"http:\/\/piraportoeseletronicos.com.br\/wp-content\/uploads\/2015\/03\/fechaduraintelbras.jpg\"><img loading=\"lazy\" decoding=\"async\" class=\" wp-image-111 alignright\" src=\"http:\/\/piraportoeseletronicos.com.br\/wp-content\/uploads\/2015\/03\/fechaduraintelbras-300x300.jpg\" alt=\"fechaduraintelbras\" width=\"137\" height=\"137\" srcset=\"https:\/\/www.piraportoes.com.br\/wp-content\/uploads\/2015\/03\/fechaduraintelbras-300x300.jpg 300w, https:\/\/www.piraportoes.com.br\/wp-content\/uploads\/2015\/03\/fechaduraintelbras-150x150.jpg 150w, https:\/\/www.piraportoes.com.br\/wp-content\/uploads\/2015\/03\/fechaduraintelbras.jpg 370w\" sizes=\"auto, (max-width: 137px) 100vw, 137px\" \/><\/a>nada para portas e port\u00f5es de metal ou madeira. Apenas empurrando a tranca e girando a lingueta \u00e9 poss\u00edvel optar pela abertura de portas e port\u00f5es \u00e0 direita ou \u00e0 esquerda e para dentro ou para fora. Al\u00e9m disso, a FFX 1000 possui exclusiva op\u00e7\u00e3o de estalo \u00fanico, evitando assim desconforto dos moradores em rela\u00e7\u00e3o ao barulho de abertura de portas e port\u00f5es.<\/p>\n<\/blockquote>\n","protected":false},"excerpt":{"rendered":"<p>Chega de cadeado! Instalamos as mais seguras e eficientes fechaduras el\u00e9tricas no seu port\u00e3o social ou porta e as mais fortes e pr\u00e1ticas travas el\u00e9tricas em seu port\u00e3o eletr\u00f4nico. Com essas fechaduras e travas voc\u00ea aumenta seguran\u00e7a da sua casa ou empresa com total conforto e comodidade sendo acionadas com apenas um toque de bot\u00e3o [&hellip;]<\/p>\n","protected":false},"author":2,"featured_media":0,"parent":0,"menu_order":0,"comment_status":"closed","ping_status":"closed","template":"","meta":{"_monsterinsights_skip_tracking":false,"_monsterinsights_sitenote_active":false,"_monsterinsights_sitenote_note":"","_monsterinsights_sitenote_category":0,"footnotes":""},"class_list":["post-46","page","type-page","status-publish","hentry"],"_links":{"self":[{"href":"https:\/\/www.piraportoes.com.br\/index.php?rest_route=\/wp\/v2\/pages\/46","targetHints":{"allow":["GET"]}}],"collection":[{"href":"https:\/\/www.piraportoes.com.br\/index.php?rest_route=\/wp\/v2\/pages"}],"about":[{"href":"https:\/\/www.piraportoes.com.br\/index.php?rest_route=\/wp\/v2\/types\/page"}],"author":[{"embeddable":true,"href":"https:\/\/www.piraportoes.com.br\/index.php?rest_route=\/wp\/v2\/users\/2"}],"replies":[{"embeddable":true,"href":"https:\/\/www.piraportoes.com.br\/index.php?rest_route=%2Fwp%2Fv2%2Fcomments&post=46"}],"version-history":[{"count":21,"href":"https:\/\/www.piraportoes.com.br\/index.php?rest_route=\/wp\/v2\/pages\/46\/revisions"}],"predecessor-version":[{"id":332,"href":"https:\/\/www.piraportoes.com.br\/index.php?rest_route=\/wp\/v2\/pages\/46\/revisions\/332"}],"wp:attachment":[{"href":"https:\/\/www.piraportoes.com.br\/index.php?rest_route=%2Fwp%2Fv2%2Fmedia&parent=46"}],"curies":[{"name":"wp","href":"https:\/\/api.w.org\/{rel}","templated":true}]}}