{"id":9,"date":"2015-03-07T14:48:39","date_gmt":"2015-03-07T14:48:39","guid":{"rendered":"http:\/\/piraportoeseletronicos.com.br\/?page_id=9"},"modified":"2023-10-04T00:29:12","modified_gmt":"2023-10-04T00:29:12","slug":"principal","status":"publish","type":"page","link":"http:\/\/www.piraportoes.com.br\/?page_id=9","title":{"rendered":"Principal"},"content":{"rendered":"<p>Desfrutando de um delicioso e descontra\u00eddo caf\u00e9 com os amigos surge um coment\u00e1rio que parecia mais uma brincadeira: \u201cQuer ser meu s\u00f3cio ?\u201d. Pois \u00e9, tem coisas s\u00e9rias que \u00e0s vezes falamos em tom de brincadeira que acabam se tornando realidade. Foi assim que deste pequeno coment\u00e1rio surgiu a Pira Port\u00f5es.<br \/>\nO tempo passou, e hoje estamos atuantes no mercado h\u00e1 mais de 20 anos sendo especialistas no que fazemos.<br \/>\nConforto e Seguran\u00e7a s\u00e3o primordiais em nossos dias e um port\u00e3o eletr\u00f4nico passou de luxo para uma necessidade poss\u00edvel a todas as fam\u00edlias.<br \/>\nFa\u00e7a um or\u00e7amento e instale j\u00e1 em sua resid\u00eancia, ch\u00e1cara, com\u00e9rcio, ind\u00fastria, institui\u00e7\u00e3o religiosa, clube, associa\u00e7\u00e3o e qualquer tipo de estabelecimento.<br \/>\nE se voc\u00ea j\u00e1 possu\u00ed, n\u00e3o esque\u00e7a de fazer a manuten\u00e7\u00e3o preventiva ou uma atualiza\u00e7\u00e3o em seu equipamento\/sistema.<\/p>\n<p>Estamos a disposi\u00e7\u00e3o e aguardando sua visita para melhor atende-los.<\/p>\n","protected":false},"excerpt":{"rendered":"<p>Desfrutando de um delicioso e descontra\u00eddo caf\u00e9 com os amigos surge um coment\u00e1rio que parecia mais uma brincadeira: \u201cQuer ser meu s\u00f3cio ?\u201d. Pois \u00e9, tem coisas s\u00e9rias que \u00e0s vezes falamos em tom de brincadeira que acabam se tornando realidade. Foi assim que deste pequeno coment\u00e1rio surgiu a Pira Port\u00f5es. O tempo passou, e [&hellip;]<\/p>\n","protected":false},"author":2,"featured_media":0,"parent":0,"menu_order":0,"comment_status":"closed","ping_status":"closed","template":"","meta":{"_monsterinsights_skip_tracking":false,"_monsterinsights_sitenote_active":false,"_monsterinsights_sitenote_note":"","_monsterinsights_sitenote_category":0,"footnotes":""},"class_list":["post-9","page","type-page","status-publish","hentry"],"_links":{"self":[{"href":"http:\/\/www.piraportoes.com.br\/index.php?rest_route=\/wp\/v2\/pages\/9","targetHints":{"allow":["GET"]}}],"collection":[{"href":"http:\/\/www.piraportoes.com.br\/index.php?rest_route=\/wp\/v2\/pages"}],"about":[{"href":"http:\/\/www.piraportoes.com.br\/index.php?rest_route=\/wp\/v2\/types\/page"}],"author":[{"embeddable":true,"href":"http:\/\/www.piraportoes.com.br\/index.php?rest_route=\/wp\/v2\/users\/2"}],"replies":[{"embeddable":true,"href":"http:\/\/www.piraportoes.com.br\/index.php?rest_route=%2Fwp%2Fv2%2Fcomments&post=9"}],"version-history":[{"count":7,"href":"http:\/\/www.piraportoes.com.br\/index.php?rest_route=\/wp\/v2\/pages\/9\/revisions"}],"predecessor-version":[{"id":840,"href":"http:\/\/www.piraportoes.com.br\/index.php?rest_route=\/wp\/v2\/pages\/9\/revisions\/840"}],"wp:attachment":[{"href":"http:\/\/www.piraportoes.com.br\/index.php?rest_route=%2Fwp%2Fv2%2Fmedia&parent=9"}],"curies":[{"name":"wp","href":"https:\/\/api.w.org\/{rel}","templated":true}]}}