{"id":54,"date":"2015-03-07T21:19:26","date_gmt":"2015-03-07T21:19:26","guid":{"rendered":"http:\/\/piraportoeseletronicos.com.br\/?page_id=54"},"modified":"2022-05-11T20:03:28","modified_gmt":"2022-05-11T20:03:28","slug":"contato","status":"publish","type":"page","link":"http:\/\/www.piraportoes.com.br\/?page_id=54","title":{"rendered":"Contato"},"content":{"rendered":"\n<figure class=\"wp-block-image size-large is-style-default\"><a href=\"https:\/\/api.whatsapp.com\/send?phone=5519988888887\n\"><img loading=\"lazy\" decoding=\"async\" width=\"1024\" height=\"768\" style=\"width: 600px; height: 400px;\" src=\"https:\/\/www.piraportoes.com.br\/wp-content\/uploads\/2021\/07\/WhatsApp-Image-2021-07-12-at-11.51.31.jpeg\" alt=\"\" class=\"wp-image-769\" srcset=\"http:\/\/www.piraportoes.com.br\/wp-content\/uploads\/2021\/07\/WhatsApp-Image-2021-07-12-at-11.51.31.jpeg 1024w, http:\/\/www.piraportoes.com.br\/wp-content\/uploads\/2021\/07\/WhatsApp-Image-2021-07-12-at-11.51.31-300x225.jpeg 300w, http:\/\/www.piraportoes.com.br\/wp-content\/uploads\/2021\/07\/WhatsApp-Image-2021-07-12-at-11.51.31-768x576.jpeg 768w\" sizes=\"auto, (max-width: 1024px) 100vw, 1024px\" \/><\/a><\/figure>\n\n\n<h4>Av. Bar\u00e3o de Serra Negra, 914 &#8211; Vila Rezende\/Nova Piracicaba<\/h4>\n<h4>Piracicaba-SP &#8211; CEP: 13405-121<\/h4>\n<p>Hor\u00e1rio de atendimento:<br \/>Segunda a sexta das 9h00 \u00e0s 16h00<\/p>\n<h4><strong>Fone (19) 3371.5200<\/strong><\/h4>\n<h2 style=\"text-align: left;\"><strong>9.8888-8887<a href=\"https:\/\/api.whatsapp.com\/send?phone=5519988888887\" rel=\"https:\/\/api.whatsapp.com\/send?phone=5519988888887\"><img loading=\"lazy\" decoding=\"async\" class=\"alignleft wp-image-428\" src=\"http:\/\/www.piraportoes.com.br\/wp-content\/uploads\/2015\/03\/whatsapp_icon-icons.com_65942.png\" alt=\"\" width=\"31\" height=\"31\" srcset=\"http:\/\/www.piraportoes.com.br\/wp-content\/uploads\/2015\/03\/whatsapp_icon-icons.com_65942.png 512w, http:\/\/www.piraportoes.com.br\/wp-content\/uploads\/2015\/03\/whatsapp_icon-icons.com_65942-150x150.png 150w, http:\/\/www.piraportoes.com.br\/wp-content\/uploads\/2015\/03\/whatsapp_icon-icons.com_65942-300x300.png 300w\" sizes=\"auto, (max-width: 31px) 100vw, 31px\" \/><\/a><\/strong><\/h2>\n<h4><strong>CLIQUE NO ICONE DO WHATSAPP PARA COME\u00c7AR UMA CONVERSA<\/strong><\/h4>\n\n\n<p><\/p>\n","protected":false},"excerpt":{"rendered":"<p>Av. Bar\u00e3o de Serra Negra, 914 &#8211; Vila Rezende\/Nova Piracicaba Piracicaba-SP &#8211; CEP: 13405-121 Hor\u00e1rio de atendimento:Segunda a sexta das 9h00 \u00e0s 16h00 Fone (19) 3371.5200 9.8888-8887 CLIQUE NO ICONE DO WHATSAPP PARA COME\u00c7AR UMA CONVERSA<\/p>\n","protected":false},"author":2,"featured_media":66,"parent":0,"menu_order":0,"comment_status":"closed","ping_status":"closed","template":"page-right.php","meta":{"_monsterinsights_skip_tracking":false,"_monsterinsights_sitenote_active":false,"_monsterinsights_sitenote_note":"","_monsterinsights_sitenote_category":0,"footnotes":""},"class_list":["post-54","page","type-page","status-publish","has-post-thumbnail","hentry"],"_links":{"self":[{"href":"http:\/\/www.piraportoes.com.br\/index.php?rest_route=\/wp\/v2\/pages\/54","targetHints":{"allow":["GET"]}}],"collection":[{"href":"http:\/\/www.piraportoes.com.br\/index.php?rest_route=\/wp\/v2\/pages"}],"about":[{"href":"http:\/\/www.piraportoes.com.br\/index.php?rest_route=\/wp\/v2\/types\/page"}],"author":[{"embeddable":true,"href":"http:\/\/www.piraportoes.com.br\/index.php?rest_route=\/wp\/v2\/users\/2"}],"replies":[{"embeddable":true,"href":"http:\/\/www.piraportoes.com.br\/index.php?rest_route=%2Fwp%2Fv2%2Fcomments&post=54"}],"version-history":[{"count":41,"href":"http:\/\/www.piraportoes.com.br\/index.php?rest_route=\/wp\/v2\/pages\/54\/revisions"}],"predecessor-version":[{"id":811,"href":"http:\/\/www.piraportoes.com.br\/index.php?rest_route=\/wp\/v2\/pages\/54\/revisions\/811"}],"wp:featuredmedia":[{"embeddable":true,"href":"http:\/\/www.piraportoes.com.br\/index.php?rest_route=\/wp\/v2\/media\/66"}],"wp:attachment":[{"href":"http:\/\/www.piraportoes.com.br\/index.php?rest_route=%2Fwp%2Fv2%2Fmedia&parent=54"}],"curies":[{"name":"wp","href":"https:\/\/api.w.org\/{rel}","templated":true}]}}