{"id":529,"date":"2018-05-02T18:59:59","date_gmt":"2018-05-02T18:59:59","guid":{"rendered":"http:\/\/www.piraportoes.com.br\/?page_id=529"},"modified":"2018-05-02T18:59:59","modified_gmt":"2018-05-02T18:59:59","slug":"cancelas-automaticas","status":"publish","type":"page","link":"http:\/\/www.piraportoes.com.br\/?page_id=529","title":{"rendered":"Cancelas Autom\u00e1ticas"},"content":{"rendered":"<h2 class=\"fancy-subtitle  start-animation-done start-animation\">Simplicidade de utiliza\u00e7\u00e3o, qualidade est\u00e9tica, seguran\u00e7a&#8230; Em todo o lado!<\/h2>\n<p><img loading=\"lazy\" decoding=\"async\" class=\"alignleft  wp-image-530\" src=\"http:\/\/www.piraportoes.com.br\/wp-content\/uploads\/2018\/05\/cancela-Max.png\" alt=\"\" width=\"152\" height=\"153\" srcset=\"http:\/\/www.piraportoes.com.br\/wp-content\/uploads\/2018\/05\/cancela-Max.png 600w, http:\/\/www.piraportoes.com.br\/wp-content\/uploads\/2018\/05\/cancela-Max-150x150.png 150w, http:\/\/www.piraportoes.com.br\/wp-content\/uploads\/2018\/05\/cancela-Max-300x300.png 300w\" sizes=\"auto, (max-width: 152px) 100vw, 152px\" \/>M\u00c1XIMA PERFORMANCE COM M\u00c1XIMO CONTROLE.<\/p>\n<ul>\n<li>Abertura e fechamento mec\u00e2nico sem o uso de central inversora;<\/li>\n<li>2 tampas para manuten\u00e7\u00e3o interna;<\/li>\n<li>Cancela sim\u00e9trica, instale tanto na direita quanto na esquerda;<\/li>\n<li>Bra\u00e7o escamote\u00e1vel;<\/li>\n<li>Robusta, com alta pot\u00eancia do motor.<\/li>\n<\/ul>\n","protected":false},"excerpt":{"rendered":"<p>Simplicidade de utiliza\u00e7\u00e3o, qualidade est\u00e9tica, seguran\u00e7a&#8230; Em todo o lado! M\u00c1XIMA PERFORMANCE COM M\u00c1XIMO CONTROLE. Abertura e fechamento mec\u00e2nico sem o uso de central inversora; 2 tampas para manuten\u00e7\u00e3o interna; Cancela sim\u00e9trica, instale tanto na direita quanto na esquerda; Bra\u00e7o escamote\u00e1vel; Robusta, com alta pot\u00eancia do motor.<\/p>\n","protected":false},"author":2,"featured_media":0,"parent":0,"menu_order":0,"comment_status":"closed","ping_status":"closed","template":"","meta":{"_monsterinsights_skip_tracking":false,"_monsterinsights_sitenote_active":false,"_monsterinsights_sitenote_note":"","_monsterinsights_sitenote_category":0,"footnotes":""},"class_list":["post-529","page","type-page","status-publish","hentry"],"_links":{"self":[{"href":"http:\/\/www.piraportoes.com.br\/index.php?rest_route=\/wp\/v2\/pages\/529","targetHints":{"allow":["GET"]}}],"collection":[{"href":"http:\/\/www.piraportoes.com.br\/index.php?rest_route=\/wp\/v2\/pages"}],"about":[{"href":"http:\/\/www.piraportoes.com.br\/index.php?rest_route=\/wp\/v2\/types\/page"}],"author":[{"embeddable":true,"href":"http:\/\/www.piraportoes.com.br\/index.php?rest_route=\/wp\/v2\/users\/2"}],"replies":[{"embeddable":true,"href":"http:\/\/www.piraportoes.com.br\/index.php?rest_route=%2Fwp%2Fv2%2Fcomments&post=529"}],"version-history":[{"count":1,"href":"http:\/\/www.piraportoes.com.br\/index.php?rest_route=\/wp\/v2\/pages\/529\/revisions"}],"predecessor-version":[{"id":531,"href":"http:\/\/www.piraportoes.com.br\/index.php?rest_route=\/wp\/v2\/pages\/529\/revisions\/531"}],"wp:attachment":[{"href":"http:\/\/www.piraportoes.com.br\/index.php?rest_route=%2Fwp%2Fv2%2Fmedia&parent=529"}],"curies":[{"name":"wp","href":"https:\/\/api.w.org\/{rel}","templated":true}]}}