{"id":48,"date":"2015-03-07T21:16:46","date_gmt":"2015-03-07T21:16:46","guid":{"rendered":"http:\/\/piraportoeseletronicos.com.br\/?page_id=48"},"modified":"2015-11-13T10:24:31","modified_gmt":"2015-11-13T10:24:31","slug":"interfones-e-porteiros","status":"publish","type":"page","link":"http:\/\/www.piraportoes.com.br\/?page_id=48","title":{"rendered":"Interfones e Porteiros"},"content":{"rendered":"<p><a href=\"http:\/\/www.piraportoes.com.br\/wp-content\/uploads\/2015\/11\/interfone-video-porteiro-intelbras-colorido-iv7000-tela-7.jpg\"><img loading=\"lazy\" decoding=\"async\" class=\"alignleft size-medium wp-image-327\" src=\"http:\/\/www.piraportoes.com.br\/wp-content\/uploads\/2015\/11\/interfone-video-porteiro-intelbras-colorido-iv7000-tela-7-300x214.jpg\" alt=\"interfone-video-porteiro-intelbras-colorido-iv7000-tela-7\" width=\"300\" height=\"214\" srcset=\"http:\/\/www.piraportoes.com.br\/wp-content\/uploads\/2015\/11\/interfone-video-porteiro-intelbras-colorido-iv7000-tela-7-300x214.jpg 300w, http:\/\/www.piraportoes.com.br\/wp-content\/uploads\/2015\/11\/interfone-video-porteiro-intelbras-colorido-iv7000-tela-7-1024x729.jpg 1024w, http:\/\/www.piraportoes.com.br\/wp-content\/uploads\/2015\/11\/interfone-video-porteiro-intelbras-colorido-iv7000-tela-7.jpg 1200w\" sizes=\"auto, (max-width: 300px) 100vw, 300px\" \/><\/a>Interfones e Porteiros eletr\u00f4nicos<\/p>\n<ul>\n<li>Residencial<\/li>\n<li>Comercial<\/li>\n<li>Interligado na fechadura<\/li>\n<\/ul>\n<p>Conte com a facilidade e seguran\u00e7a na identifica\u00e7\u00e3o de pessoas que est\u00e3o do lado de fora da sua casa ou empresa falando com elas atrav\u00e9s dos porteiros\/interfones de alta tecnologia antes de abrir a porta\/port\u00e3o.<\/p>\n<p>No mesmo porteiro\/Interfone podem ser instalados at\u00e9 tr\u00eas monofones\/ganchos em locais\/c\u00f4modos diferentes para que voc\u00ea n\u00e3o precisar andar muito para atender e ainda mais interligamos seu porteiro\/Interfone em uma fechadura el\u00e9trica para facilitar a abertura autom\u00e1tica do da sua porta\/port\u00e3o.<\/p>\n<p>Toda comodidade para facilitar ainda mais o seu dia a dia.<\/p>\n","protected":false},"excerpt":{"rendered":"<p>Interfones e Porteiros eletr\u00f4nicos Residencial Comercial Interligado na fechadura Conte com a facilidade e seguran\u00e7a na identifica\u00e7\u00e3o de pessoas que est\u00e3o do lado de fora da sua casa ou empresa falando com elas atrav\u00e9s dos porteiros\/interfones de alta tecnologia antes de abrir a porta\/port\u00e3o. No mesmo porteiro\/Interfone podem ser instalados at\u00e9 tr\u00eas monofones\/ganchos em locais\/c\u00f4modos [&hellip;]<\/p>\n","protected":false},"author":2,"featured_media":0,"parent":0,"menu_order":0,"comment_status":"closed","ping_status":"closed","template":"","meta":{"_monsterinsights_skip_tracking":false,"_monsterinsights_sitenote_active":false,"_monsterinsights_sitenote_note":"","_monsterinsights_sitenote_category":0,"footnotes":""},"class_list":["post-48","page","type-page","status-publish","hentry"],"_links":{"self":[{"href":"http:\/\/www.piraportoes.com.br\/index.php?rest_route=\/wp\/v2\/pages\/48","targetHints":{"allow":["GET"]}}],"collection":[{"href":"http:\/\/www.piraportoes.com.br\/index.php?rest_route=\/wp\/v2\/pages"}],"about":[{"href":"http:\/\/www.piraportoes.com.br\/index.php?rest_route=\/wp\/v2\/types\/page"}],"author":[{"embeddable":true,"href":"http:\/\/www.piraportoes.com.br\/index.php?rest_route=\/wp\/v2\/users\/2"}],"replies":[{"embeddable":true,"href":"http:\/\/www.piraportoes.com.br\/index.php?rest_route=%2Fwp%2Fv2%2Fcomments&post=48"}],"version-history":[{"count":7,"href":"http:\/\/www.piraportoes.com.br\/index.php?rest_route=\/wp\/v2\/pages\/48\/revisions"}],"predecessor-version":[{"id":334,"href":"http:\/\/www.piraportoes.com.br\/index.php?rest_route=\/wp\/v2\/pages\/48\/revisions\/334"}],"wp:attachment":[{"href":"http:\/\/www.piraportoes.com.br\/index.php?rest_route=%2Fwp%2Fv2%2Fmedia&parent=48"}],"curies":[{"name":"wp","href":"https:\/\/api.w.org\/{rel}","templated":true}]}}